{"id":310989,"date":"2026-03-14T09:23:52","date_gmt":"2026-03-14T13:23:52","guid":{"rendered":"https:\/\/galadelaterre.com\/nicolas-ellis\/"},"modified":"2026-03-15T17:10:29","modified_gmt":"2026-03-15T21:10:29","slug":"nicolas-ellis","status":"publish","type":"page","link":"https:\/\/galadelaterre.com\/en\/nicolas-ellis\/","title":{"rendered":"Nicolas Ellis"},"content":{"rendered":"<p>[et_pb_section fb_built=&#8221;1&#8243; _builder_version=&#8221;4.27.6&#8243; _module_preset=&#8221;default&#8221; module_alignment=&#8221;center&#8221; global_colors_info=&#8221;{}&#8221;][et_pb_row use_custom_gutter=&#8221;on&#8221; make_equal=&#8221;on&#8221; _builder_version=&#8221;4.27.6&#8243; _module_preset=&#8221;default&#8221; max_width=&#8221;100%&#8221; custom_padding=&#8221;||||false|false&#8221; global_colors_info=&#8221;{}&#8221; custom_css_main_element_last_edited=&#8221;off|desktop&#8221;][et_pb_column type=&#8221;4_4&#8243; module_class=&#8221;planketon-bio&#8221; _builder_version=&#8221;4.27.6&#8243; _module_preset=&#8221;default&#8221; custom_padding=&#8221;|0px||0px|false|false&#8221; custom_css_main_element=&#8221;display:flex;||flex-direction:row;||justify-content:center;||gap: 100px;||&#8221; global_colors_info=&#8221;{}&#8221; custom_css_main_element_last_edited=&#8221;on|phone&#8221; custom_css_main_element_tablet=&#8221;display:flex;||flex-direction:column;||justify-content:center;||align-items:center;&#8221; custom_css_main_element_phone=&#8221;display:flex;||flex-direction:column;||justify-content:center;||align-items:center;&#8221;][et_pb_team_member name=&#8221;Nicolas Ellis&#8221; image_url=&#8221;https:\/\/galadelaterre.com\/wp-content\/uploads\/2026\/03\/nicolas-ellis-nb.jpg&#8221; _builder_version=&#8221;4.27.6&#8243; _module_preset=&#8221;default&#8221; header_text_align=&#8221;center&#8221; position_text_align=&#8221;center&#8221; background_color=&#8221;RGBA(255,255,255,0)&#8221; text_orientation=&#8221;center&#8221; width=&#8221;100%&#8221; width_tablet=&#8221;40%&#8221; width_phone=&#8221;90%&#8221; width_last_edited=&#8221;off|desktop&#8221; max_width_tablet=&#8221;45%&#8221; max_width_phone=&#8221;90%&#8221; max_width_last_edited=&#8221;off|desktop&#8221; module_alignment=&#8221;center&#8221; custom_margin=&#8221;||20px||false|false&#8221; custom_padding=&#8221;10px|10px|10px|10px|true|true&#8221; hover_enabled=&#8221;0&#8243; module_alignment_tablet=&#8221;center&#8221; module_alignment_phone=&#8221;center&#8221; module_alignment_last_edited=&#8221;off|desktop&#8221; custom_css_main_element=&#8221;display: flex !important;||flex-direction: column !important;||justify-content: center;||align-items:center;||max-height:400px !important;||max-width: 350px !important;&#8221; custom_css_member_image=&#8221;text-align: center !important;||margin: 0px auto !important;&#8221; custom_css_title=&#8221;padding: 20px 0 0px 0 !important;&#8221; border_color_all=&#8221;#000000&#8243; locked=&#8221;off&#8221; global_colors_info=&#8221;{}&#8221; custom_css_main_element_last_edited=&#8221;on|phone&#8221; custom_css_main_element_tablet=&#8221;display: flex !important;||flex-direction: column !important;||justify-content: center;||align-items:center;||margin-right: 0px;||max-height:400px !important;||max-width: 350px !important;&#8221; custom_css_main_element_phone=&#8221;display: flex !important;||flex-direction: column !important;||justify-content: center;||align-items:center;||max-width: 350px !important;&#8221; sticky_enabled=&#8221;0&#8243;]<\/p>\n<p>Artistic director and conductor<\/p>\n<p>[\/et_pb_team_member][et_pb_text _builder_version=&#8221;4.27.6&#8243; _module_preset=&#8221;default&#8221; text_font_size=&#8221;1.5em&#8221; width=&#8221;100%&#8221; max_width=&#8221;100%&#8221; module_alignment=&#8221;right&#8221; text_orientation_tablet=&#8221;&#8221; text_orientation_phone=&#8221;&#8221; text_orientation_last_edited=&#8221;on|phone&#8221; global_colors_info=&#8221;{}&#8221;]<\/p>\n<p>Canadian conductor Nicolas Ellis is the Music Director of the Orchestre National de Bretagne and the Principal Guest Conductor of Les Violons du Roy. He is also the Artistic Director of the Orchestre de l\u2019Agora, which he founded in Montreal in 2013. <\/p>\n<p>With the Orchestre National de Bretagne, Nicolas presents a wide range of works to discover, starting with those by Iranian composer Golfam Khayam. He brings the orchestra into the great classical repertoire with pieces such as Beethoven\u2019s Eroica and Stravinsky\u2019s The Firebird, and invites distinguished collaborators such as pianist Alexandre Tharaud and the Babineau-Chartrand duo, with whom he developed a project around traditional Qu\u00e9b\u00e9cois music. He also seeks to go beyond the conventional classical concert format by collaborating with the Th\u00e9\u00e2tre National de Bretagne, where he will present all of the incidental music from Mendelssohn\u2019s A Midsummer Night\u2019s Dream, alongside young actors from the TNB in a staging by Arthur Nauzyciel.  <\/p>\n<p>This season, he brings together the Orchestre de l\u2019Agora and Les Violons du Roy on the same stage for the first time, accompanying soprano Sarah Dufresne, who will perform Mozart arias written for the Weber sisters, for whom Mozart had great affection. The Orchestre de l\u2019Agora\u2019s commitment to the Montreal community continues with a monthly concert series at Bordeaux prison, as well as a major concert celebrating the 50th anniversary of the FACE School, in collaboration with young musicians from the school\u2019s music program. <\/p>\n<p>Nicolas is increasingly sought after as a guest conductor by many orchestras across Europe and North America. In the 2025\u20132026 season, he will make his debut with the Swedish Chamber Orchestra and the Norwegian Radio Orchestra. He will conduct Shostakovich\u2019s First Symphony with the Hamburg Symphony Orchestra, as well as works by Johanna M\u00fcller-Hermann and Sofia Gouba\u00efdoulina with the Orchestre de l\u2019Op\u00e9ra national de Nancy-Lorraine. He will also lead Poulenc\u2019s Les Animaux mod\u00e8les with the Polish Radio Orchestra, and Handel\u2019s Messiah with the Seattle Symphony Orchestra. He will return to the Sydney Symphony Orchestra, where he will conduct a symphony by Justin Williams, who is also the orchestra\u2019s Assistant Principal Viola.    <\/p>\n<p>In Canada, he will conduct Trois femmes de l\u00e9gendes by M\u00e9lanie Bonis with the Vancouver Symphony Orchestra, and Tchaikovsky\u2019s Sixth Symphony with the Victoria Symphony.<\/p>\n<p>In his free time, Nicolas enjoys running and keeps a close eye on the latest results of Stade Rennais in Ligue 1.<\/p>\n<p>Nicolas Ellis is the recipient of the Fernand Lindsay Career Grant (2017) and was awarded the M\u00e9c\u00e9nat Musica Prix Goyer (2021).<\/p>\n<p>[\/et_pb_text][\/et_pb_column][\/et_pb_row][\/et_pb_section]<\/p>\n","protected":false},"excerpt":{"rendered":"<p>Artistic director and conductorCanadian conductor Nicolas Ellis is the Music Director of the Orchestre National de Bretagne and the Principal Guest Conductor of Les Violons du Roy. He is also the Artistic Director of the Orchestre de l\u2019Agora, which he founded in Montreal in 2013. With the Orchestre National de Bretagne, Nicolas presents a wide [&hellip;]<\/p>\n","protected":false},"author":1,"featured_media":0,"parent":0,"menu_order":0,"comment_status":"closed","ping_status":"closed","template":"","meta":{"_et_pb_use_builder":"on","_et_pb_old_content":"","_et_gb_content_width":"","inline_featured_image":false,"footnotes":""},"class_list":["post-310989","page","type-page","status-publish","hentry"],"yoast_head":"<!-- This site is optimized with the Yoast SEO plugin v27.2 - https:\/\/yoast.com\/product\/yoast-seo-wordpress\/ -->\n<title>Nicolas Ellis &#8212; Gala de la Terre<\/title>\n<meta name=\"description\" content=\"Gala de la Terre Nicolas Ellis\" \/>\n<meta name=\"robots\" content=\"index, follow, max-snippet:-1, max-image-preview:large, max-video-preview:-1\" \/>\n<link rel=\"canonical\" href=\"https:\/\/galadelaterre.com\/en\/nicolas-ellis\/\" \/>\n<meta property=\"og:locale\" content=\"en_US\" \/>\n<meta property=\"og:type\" content=\"article\" \/>\n<meta property=\"og:title\" content=\"Nicolas Ellis &#8212; Gala de la Terre\" \/>\n<meta property=\"og:description\" content=\"Gala de la Terre Nicolas Ellis\" \/>\n<meta property=\"og:url\" content=\"https:\/\/galadelaterre.com\/en\/nicolas-ellis\/\" \/>\n<meta property=\"og:site_name\" content=\"Gala de la Terre\" \/>\n<meta property=\"article:publisher\" content=\"https:\/\/www.facebook.com\/OrchestreAgora\/\" \/>\n<meta property=\"article:modified_time\" content=\"2026-03-15T21:10:29+00:00\" \/>\n<meta property=\"og:image\" content=\"https:\/\/galadelaterre.com\/wp-content\/uploads\/2024\/03\/logo_gdt.png\" \/>\n\t<meta property=\"og:image:width\" content=\"900\" \/>\n\t<meta property=\"og:image:height\" content=\"511\" \/>\n\t<meta property=\"og:image:type\" content=\"image\/png\" \/>\n<meta name=\"twitter:card\" content=\"summary_large_image\" \/>\n<meta name=\"twitter:site\" content=\"@OrchestreAgora\" \/>\n<meta name=\"twitter:label1\" content=\"Est. reading time\" \/>\n\t<meta name=\"twitter:data1\" content=\"4 minutes\" \/>\n<script type=\"application\/ld+json\" class=\"yoast-schema-graph\">{\"@context\":\"https:\/\/schema.org\",\"@graph\":[{\"@type\":\"WebPage\",\"@id\":\"https:\/\/galadelaterre.com\/en\/nicolas-ellis\/\",\"url\":\"https:\/\/galadelaterre.com\/en\/nicolas-ellis\/\",\"name\":\"Nicolas Ellis &#8212; Gala de la Terre\",\"isPartOf\":{\"@id\":\"https:\/\/galadelaterre.com\/en\/#website\"},\"datePublished\":\"2026-03-14T13:23:52+00:00\",\"dateModified\":\"2026-03-15T21:10:29+00:00\",\"description\":\"Gala de la Terre Nicolas Ellis\",\"breadcrumb\":{\"@id\":\"https:\/\/galadelaterre.com\/en\/nicolas-ellis\/#breadcrumb\"},\"inLanguage\":\"en-US\",\"potentialAction\":[{\"@type\":\"ReadAction\",\"target\":[\"https:\/\/galadelaterre.com\/en\/nicolas-ellis\/\"]}]},{\"@type\":\"BreadcrumbList\",\"@id\":\"https:\/\/galadelaterre.com\/en\/nicolas-ellis\/#breadcrumb\",\"itemListElement\":[{\"@type\":\"ListItem\",\"position\":1,\"name\":\"Accueil\",\"item\":\"https:\/\/galadelaterre.com\/en\/\"},{\"@type\":\"ListItem\",\"position\":2,\"name\":\"Nicolas Ellis\"}]},{\"@type\":\"WebSite\",\"@id\":\"https:\/\/galadelaterre.com\/en\/#website\",\"url\":\"https:\/\/galadelaterre.com\/en\/\",\"name\":\"Gala de la Terre\",\"description\":\"\u00c9dition 2026\",\"publisher\":{\"@id\":\"https:\/\/galadelaterre.com\/en\/#organization\"},\"alternateName\":\"Gala de la Terre\",\"potentialAction\":[{\"@type\":\"SearchAction\",\"target\":{\"@type\":\"EntryPoint\",\"urlTemplate\":\"https:\/\/galadelaterre.com\/en\/?s={search_term_string}\"},\"query-input\":{\"@type\":\"PropertyValueSpecification\",\"valueRequired\":true,\"valueName\":\"search_term_string\"}}],\"inLanguage\":\"en-US\"},{\"@type\":\"Organization\",\"@id\":\"https:\/\/galadelaterre.com\/en\/#organization\",\"name\":\"Gala de la Terre\",\"alternateName\":\"Gala de la Terre\",\"url\":\"https:\/\/galadelaterre.com\/en\/\",\"logo\":{\"@type\":\"ImageObject\",\"inLanguage\":\"en-US\",\"@id\":\"https:\/\/galadelaterre.com\/en\/#\/schema\/logo\/image\/\",\"url\":\"https:\/\/galadelaterre.com\/wp-content\/uploads\/2024\/03\/logo_gdt.png\",\"contentUrl\":\"https:\/\/galadelaterre.com\/wp-content\/uploads\/2024\/03\/logo_gdt.png\",\"width\":900,\"height\":511,\"caption\":\"Gala de la Terre\"},\"image\":{\"@id\":\"https:\/\/galadelaterre.com\/en\/#\/schema\/logo\/image\/\"},\"sameAs\":[\"https:\/\/www.facebook.com\/OrchestreAgora\/\",\"https:\/\/x.com\/OrchestreAgora\"]}]}<\/script>\n<!-- \/ Yoast SEO plugin. -->","yoast_head_json":{"title":"Nicolas Ellis &#8212; Gala de la Terre","description":"Gala de la Terre Nicolas Ellis","robots":{"index":"index","follow":"follow","max-snippet":"max-snippet:-1","max-image-preview":"max-image-preview:large","max-video-preview":"max-video-preview:-1"},"canonical":"https:\/\/galadelaterre.com\/en\/nicolas-ellis\/","og_locale":"en_US","og_type":"article","og_title":"Nicolas Ellis &#8212; Gala de la Terre","og_description":"Gala de la Terre Nicolas Ellis","og_url":"https:\/\/galadelaterre.com\/en\/nicolas-ellis\/","og_site_name":"Gala de la Terre","article_publisher":"https:\/\/www.facebook.com\/OrchestreAgora\/","article_modified_time":"2026-03-15T21:10:29+00:00","og_image":[{"width":900,"height":511,"url":"https:\/\/galadelaterre.com\/wp-content\/uploads\/2024\/03\/logo_gdt.png","type":"image\/png"}],"twitter_card":"summary_large_image","twitter_site":"@OrchestreAgora","twitter_misc":{"Est. reading time":"4 minutes"},"schema":{"@context":"https:\/\/schema.org","@graph":[{"@type":"WebPage","@id":"https:\/\/galadelaterre.com\/en\/nicolas-ellis\/","url":"https:\/\/galadelaterre.com\/en\/nicolas-ellis\/","name":"Nicolas Ellis &#8212; Gala de la Terre","isPartOf":{"@id":"https:\/\/galadelaterre.com\/en\/#website"},"datePublished":"2026-03-14T13:23:52+00:00","dateModified":"2026-03-15T21:10:29+00:00","description":"Gala de la Terre Nicolas Ellis","breadcrumb":{"@id":"https:\/\/galadelaterre.com\/en\/nicolas-ellis\/#breadcrumb"},"inLanguage":"en-US","potentialAction":[{"@type":"ReadAction","target":["https:\/\/galadelaterre.com\/en\/nicolas-ellis\/"]}]},{"@type":"BreadcrumbList","@id":"https:\/\/galadelaterre.com\/en\/nicolas-ellis\/#breadcrumb","itemListElement":[{"@type":"ListItem","position":1,"name":"Accueil","item":"https:\/\/galadelaterre.com\/en\/"},{"@type":"ListItem","position":2,"name":"Nicolas Ellis"}]},{"@type":"WebSite","@id":"https:\/\/galadelaterre.com\/en\/#website","url":"https:\/\/galadelaterre.com\/en\/","name":"Gala de la Terre","description":"\u00c9dition 2026","publisher":{"@id":"https:\/\/galadelaterre.com\/en\/#organization"},"alternateName":"Gala de la Terre","potentialAction":[{"@type":"SearchAction","target":{"@type":"EntryPoint","urlTemplate":"https:\/\/galadelaterre.com\/en\/?s={search_term_string}"},"query-input":{"@type":"PropertyValueSpecification","valueRequired":true,"valueName":"search_term_string"}}],"inLanguage":"en-US"},{"@type":"Organization","@id":"https:\/\/galadelaterre.com\/en\/#organization","name":"Gala de la Terre","alternateName":"Gala de la Terre","url":"https:\/\/galadelaterre.com\/en\/","logo":{"@type":"ImageObject","inLanguage":"en-US","@id":"https:\/\/galadelaterre.com\/en\/#\/schema\/logo\/image\/","url":"https:\/\/galadelaterre.com\/wp-content\/uploads\/2024\/03\/logo_gdt.png","contentUrl":"https:\/\/galadelaterre.com\/wp-content\/uploads\/2024\/03\/logo_gdt.png","width":900,"height":511,"caption":"Gala de la Terre"},"image":{"@id":"https:\/\/galadelaterre.com\/en\/#\/schema\/logo\/image\/"},"sameAs":["https:\/\/www.facebook.com\/OrchestreAgora\/","https:\/\/x.com\/OrchestreAgora"]}]}},"_links":{"self":[{"href":"https:\/\/galadelaterre.com\/en\/wp-json\/wp\/v2\/pages\/310989","targetHints":{"allow":["GET"]}}],"collection":[{"href":"https:\/\/galadelaterre.com\/en\/wp-json\/wp\/v2\/pages"}],"about":[{"href":"https:\/\/galadelaterre.com\/en\/wp-json\/wp\/v2\/types\/page"}],"author":[{"embeddable":true,"href":"https:\/\/galadelaterre.com\/en\/wp-json\/wp\/v2\/users\/1"}],"replies":[{"embeddable":true,"href":"https:\/\/galadelaterre.com\/en\/wp-json\/wp\/v2\/comments?post=310989"}],"version-history":[{"count":2,"href":"https:\/\/galadelaterre.com\/en\/wp-json\/wp\/v2\/pages\/310989\/revisions"}],"predecessor-version":[{"id":310991,"href":"https:\/\/galadelaterre.com\/en\/wp-json\/wp\/v2\/pages\/310989\/revisions\/310991"}],"wp:attachment":[{"href":"https:\/\/galadelaterre.com\/en\/wp-json\/wp\/v2\/media?parent=310989"}],"curies":[{"name":"wp","href":"https:\/\/api.w.org\/{rel}","templated":true}]}}