{"id":308479,"date":"2024-03-24T16:14:26","date_gmt":"2024-03-24T20:14:26","guid":{"rendered":"https:\/\/galadelaterre.com\/nous-joindre\/"},"modified":"2026-03-17T05:18:48","modified_gmt":"2026-03-17T09:18:48","slug":"contact-us","status":"publish","type":"page","link":"https:\/\/galadelaterre.com\/en\/contact-us\/","title":{"rendered":"Contact us"},"content":{"rendered":"<p>[et_pb_section fb_built=&#8221;1&#8243; _builder_version=&#8221;4.24.2&#8243; _module_preset=&#8221;default&#8221; background_color=&#8221;gcid-eac34094-23de-471b-b938-6bfb4791f336&#8243; background_image=&#8221;https:\/\/galadelaterre.com\/wp-content\/uploads\/2024\/03\/bg.jpg&#8221; background_position=&#8221;top_center&#8221; background_vertical_offset=&#8221;61%&#8221; background_blend=&#8221;multiply&#8221; border_width_bottom=&#8221;6px&#8221; border_color_bottom=&#8221;#FFFFFF&#8221; box_shadow_style=&#8221;preset3&#8243; global_colors_info=&#8221;{%22gcid-eac34094-23de-471b-b938-6bfb4791f336%22:%91%22background_color%22%93}&#8221;][et_pb_row column_structure=&#8221;1_2,1_2&#8243; make_equal=&#8221;on&#8221; _builder_version=&#8221;4.24.2&#8243; _module_preset=&#8221;default&#8221; width=&#8221;60%&#8221; width_tablet=&#8221;70%&#8221; width_phone=&#8221;90%&#8221; width_last_edited=&#8221;on|phone&#8221; max_width=&#8221;100%&#8221; global_colors_info=&#8221;{}&#8221;][et_pb_column type=&#8221;1_2&#8243; _builder_version=&#8221;4.24.2&#8243; _module_preset=&#8221;default&#8221; custom_css_main_element=&#8221;align-self:center;&#8221; global_colors_info=&#8221;{}&#8221;][et_pb_image src=&#8221;https:\/\/galadelaterre.com\/wp-content\/uploads\/2024\/03\/logo_orchestre_de_lagora_verti.png&#8221; alt=&#8221;The Agora Orchestra&#8221; title_text=&#8221;The Agora Orchestra&#8221; _builder_version=&#8221;4.24.2&#8243; _module_preset=&#8221;default&#8221; max_width=&#8221;20%&#8221; max_width_tablet=&#8221;29%&#8221; max_width_phone=&#8221;35%&#8221; max_width_last_edited=&#8221;on|phone&#8221; module_alignment=&#8221;center&#8221; global_colors_info=&#8221;{}&#8221;][\/et_pb_image][et_pb_text _builder_version=&#8221;4.24.2&#8243; _module_preset=&#8221;default&#8221; header_2_text_align=&#8221;center&#8221; custom_margin=&#8221;0px||0px||false|false&#8221; global_colors_info=&#8221;{}&#8221;]<\/p>\n<h2>Administrative offices<\/h2>\n<p>[\/et_pb_text][et_pb_text _builder_version=&#8221;4.24.2&#8243; _module_preset=&#8221;default&#8221; custom_margin=&#8221;5px||5px||true|false&#8221; text_font_size_tablet=&#8221;&#8221; text_font_size_phone=&#8221;0.8em&#8221; text_font_size_last_edited=&#8221;on|phone&#8221; global_colors_info=&#8221;{}&#8221;]<\/p>\n<p style=\"text-align: center;\">260, boulevard De Maisonneuve Ouest, 2e \u00e9tage<br \/>Montr\u00e9al, Qu\u00e9bec, H2X 1Y9<\/p>\n<p>[\/et_pb_text][\/et_pb_column][et_pb_column type=&#8221;1_2&#8243; _builder_version=&#8221;4.24.2&#8243; _module_preset=&#8221;default&#8221; global_colors_info=&#8221;{}&#8221;][et_pb_contact_form use_spam_service=&#8221;on&#8221; recaptcha_list=&#8221;GDLT|GDLT-0&#8243; email=&#8221;oli.rochefort@gmail.com, audrey@orchestreagora.com&#8221; title=&#8221;Information g\u00e9n\u00e9rale&#8221; custom_message=&#8221;Nouveau message de Gala de la Terre de %%name%%||et_pb_line_break_holder||||et_pb_line_break_holder||%%email%%||et_pb_line_break_holder||||et_pb_line_break_holder||%%message%%&#8221; success_message=&#8221;Your email has been sent!&#8221; submit_button_text=&#8221;submit&#8221; admin_label=&#8221;contact_fr&#8221; _builder_version=&#8221;4.24.3&#8243; _module_preset=&#8221;default&#8221; form_field_background_color=&#8221;#333333&#8243; form_field_text_color=&#8221;#FFFFFF&#8221; form_field_focus_background_color=&#8221;#FFFFFF&#8221; form_field_focus_text_color=&#8221;#000000&#8243; form_field_custom_margin=&#8221;||10px||false|false&#8221; form_field_custom_margin_tablet=&#8221;&#8221; form_field_custom_margin_phone=&#8221;&#8221; form_field_custom_margin_last_edited=&#8221;on|desktop&#8221; form_field_custom_padding=&#8221;14px||14px|15px|true|false&#8221; form_field_custom_padding_tablet=&#8221;11px||11px||true|false&#8221; form_field_custom_padding_phone=&#8221;&#8221; form_field_custom_padding_last_edited=&#8221;on|desktop&#8221; title_font=&#8221;Barlow Condensed|500||on|||||&#8221; title_text_color=&#8221;#FFFFFF&#8221; title_letter_spacing=&#8221;1px&#8221; form_field_font=&#8221;Barlow||||||||&#8221; form_field_letter_spacing=&#8221;1px&#8221; background_color=&#8221;#222222&#8243; custom_button=&#8221;on&#8221; button_text_size=&#8221;14px&#8221; button_text_color=&#8221;#FFFFFF&#8221; button_border_width=&#8221;2px&#8221; button_border_color=&#8221;#bbbbbb&#8221; button_border_radius=&#8221;0px&#8221; button_letter_spacing=&#8221;1px&#8221; button_font=&#8221;Barlow|300||on|||||&#8221; button_use_icon=&#8221;off&#8221; button_custom_margin=&#8221;30px||||false|false&#8221; button_custom_margin_tablet=&#8221;&#8221; button_custom_margin_phone=&#8221;&#8221; button_custom_margin_last_edited=&#8221;on|desktop&#8221; button_custom_padding=&#8221;7px|30px|7px|30px|true|true&#8221; button_custom_padding_tablet=&#8221;8px|20px|8px|20px|true|true&#8221; button_custom_padding_phone=&#8221;&#8221; button_custom_padding_last_edited=&#8221;on|desktop&#8221; max_width_tablet=&#8221;100%&#8221; max_width_phone=&#8221;100%&#8221; max_width_last_edited=&#8221;on|phone&#8221; custom_padding=&#8221;30px|30px|30px|30px|true|true&#8221; custom_padding_tablet=&#8221;20px|20px|20px|20px|true|true&#8221; custom_padding_phone=&#8221;20px|20px|20px|20px|true|true&#8221; custom_padding_last_edited=&#8221;on|desktop&#8221; form_field_font_size_tablet=&#8221;12px&#8221; form_field_font_size_phone=&#8221;&#8221; form_field_font_size_last_edited=&#8221;on|tablet&#8221; form_field_letter_spacing_tablet=&#8221;&#8221; form_field_letter_spacing_phone=&#8221;&#8221; form_field_letter_spacing_last_edited=&#8221;on|desktop&#8221; button_text_size_tablet=&#8221;12px&#8221; button_text_size_phone=&#8221;&#8221; button_text_size_last_edited=&#8221;on|desktop&#8221; button_letter_spacing_tablet=&#8221;&#8221; button_letter_spacing_phone=&#8221;&#8221; button_letter_spacing_last_edited=&#8221;on|desktop&#8221; border_radii=&#8221;on|5px|5px|5px|5px&#8221; global_colors_info=&#8221;{%22gcid-65c824da-318f-4a3a-8869-ea7267d4a33e%22:%91%22button_bg_color__hover%22%93}&#8221; button_bg_color__hover_enabled=&#8221;on|desktop&#8221; button_bg_color__hover=&#8221;#9dbf69&#8243; button_bg_enable_color__hover=&#8221;on&#8221; button_text_color__hover=&#8221;#000000&#8243; button_text_color__hover_enabled=&#8221;on|hover&#8221; button_border_color__hover=&#8221;#ffffff&#8221; button_border_color__hover_enabled=&#8221;on|desktop&#8221;][et_pb_contact_field field_id=&#8221;name&#8221; field_title=&#8221;Name Surname&#8221; fullwidth_field=&#8221;on&#8221; _builder_version=&#8221;4.24.3&#8243; global_colors_info=&#8221;{}&#8221; button_text_size__hover_enabled=&#8221;off&#8221; button_one_text_size__hover_enabled=&#8221;off&#8221; button_two_text_size__hover_enabled=&#8221;off&#8221; button_text_color__hover_enabled=&#8221;off&#8221; button_one_text_color__hover_enabled=&#8221;off&#8221; button_two_text_color__hover_enabled=&#8221;off&#8221; button_border_width__hover_enabled=&#8221;off&#8221; button_one_border_width__hover_enabled=&#8221;off&#8221; button_two_border_width__hover_enabled=&#8221;off&#8221; button_border_color__hover_enabled=&#8221;off&#8221; button_one_border_color__hover_enabled=&#8221;off&#8221; button_two_border_color__hover_enabled=&#8221;off&#8221; button_border_radius__hover_enabled=&#8221;off&#8221; button_one_border_radius__hover_enabled=&#8221;off&#8221; button_two_border_radius__hover_enabled=&#8221;off&#8221; button_letter_spacing__hover_enabled=&#8221;off&#8221; button_one_letter_spacing__hover_enabled=&#8221;off&#8221; button_two_letter_spacing__hover_enabled=&#8221;off&#8221; button_bg_color__hover_enabled=&#8221;off&#8221; button_one_bg_color__hover_enabled=&#8221;off&#8221; button_two_bg_color__hover_enabled=&#8221;off&#8221;][\/et_pb_contact_field][et_pb_contact_field field_id=&#8221;email&#8221; field_title=&#8221;Email&#8221; field_type=&#8221;email&#8221; fullwidth_field=&#8221;on&#8221; _builder_version=&#8221;4.24.3&#8243; global_colors_info=&#8221;{}&#8221; button_text_size__hover_enabled=&#8221;off&#8221; button_one_text_size__hover_enabled=&#8221;off&#8221; button_two_text_size__hover_enabled=&#8221;off&#8221; button_text_color__hover_enabled=&#8221;off&#8221; button_one_text_color__hover_enabled=&#8221;off&#8221; button_two_text_color__hover_enabled=&#8221;off&#8221; button_border_width__hover_enabled=&#8221;off&#8221; button_one_border_width__hover_enabled=&#8221;off&#8221; button_two_border_width__hover_enabled=&#8221;off&#8221; button_border_color__hover_enabled=&#8221;off&#8221; button_one_border_color__hover_enabled=&#8221;off&#8221; button_two_border_color__hover_enabled=&#8221;off&#8221; button_border_radius__hover_enabled=&#8221;off&#8221; button_one_border_radius__hover_enabled=&#8221;off&#8221; button_two_border_radius__hover_enabled=&#8221;off&#8221; button_letter_spacing__hover_enabled=&#8221;off&#8221; button_one_letter_spacing__hover_enabled=&#8221;off&#8221; button_two_letter_spacing__hover_enabled=&#8221;off&#8221; button_bg_color__hover_enabled=&#8221;off&#8221; button_one_bg_color__hover_enabled=&#8221;off&#8221; button_two_bg_color__hover_enabled=&#8221;off&#8221;][\/et_pb_contact_field][et_pb_contact_field field_id=&#8221;message&#8221; field_title=&#8221;Write your message&#8221; field_type=&#8221;text&#8221; fullwidth_field=&#8221;on&#8221; _builder_version=&#8221;4.24.3&#8243; global_colors_info=&#8221;{}&#8221; button_text_size__hover_enabled=&#8221;off&#8221; button_one_text_size__hover_enabled=&#8221;off&#8221; button_two_text_size__hover_enabled=&#8221;off&#8221; button_text_color__hover_enabled=&#8221;off&#8221; button_one_text_color__hover_enabled=&#8221;off&#8221; button_two_text_color__hover_enabled=&#8221;off&#8221; button_border_width__hover_enabled=&#8221;off&#8221; button_one_border_width__hover_enabled=&#8221;off&#8221; button_two_border_width__hover_enabled=&#8221;off&#8221; button_border_color__hover_enabled=&#8221;off&#8221; button_one_border_color__hover_enabled=&#8221;off&#8221; button_two_border_color__hover_enabled=&#8221;off&#8221; button_border_radius__hover_enabled=&#8221;off&#8221; button_one_border_radius__hover_enabled=&#8221;off&#8221; button_two_border_radius__hover_enabled=&#8221;off&#8221; button_letter_spacing__hover_enabled=&#8221;off&#8221; button_one_letter_spacing__hover_enabled=&#8221;off&#8221; button_two_letter_spacing__hover_enabled=&#8221;off&#8221; button_bg_color__hover_enabled=&#8221;off&#8221; button_one_bg_color__hover_enabled=&#8221;off&#8221; button_two_bg_color__hover_enabled=&#8221;off&#8221;][\/et_pb_contact_field][\/et_pb_contact_form][\/et_pb_column][\/et_pb_row][\/et_pb_section][et_pb_section fb_built=&#8221;1&#8243; custom_padding_last_edited=&#8221;on|desktop&#8221; disabled_on=&#8221;off|off|off&#8221; _builder_version=&#8221;4.27.6&#8243; _module_preset=&#8221;default&#8221; background_color=&#8221;#FFFFFF&#8221; background_color_gradient_direction=&#8221;247deg&#8221; background_color_gradient_start=&#8221;#0c71c3&#8243; background_enable_image=&#8221;off&#8221; custom_padding=&#8221;70px||70px||true|false&#8221; custom_padding_tablet=&#8221;40px||40px||true|true&#8221; custom_padding_phone=&#8221;20px||20px||true|true&#8221; bottom_divider_color=&#8221;#f9f9f9&#8243; bottom_divider_height=&#8221;60px&#8221; bottom_divider_height_tablet=&#8221;60px&#8221; bottom_divider_height_phone=&#8221;60px&#8221; bottom_divider_height_last_edited=&#8221;on|desktop&#8221; custom_css_main_element=&#8221;d&#8221; locked=&#8221;off&#8221; global_colors_info=&#8221;{}&#8221;][et_pb_row make_equal=&#8221;on&#8221; _builder_version=&#8221;4.24.2&#8243; _module_preset=&#8221;default&#8221; width_tablet=&#8221;&#8221; width_phone=&#8221;&#8221; width_last_edited=&#8221;on|phone&#8221; max_width=&#8221;100%&#8221; module_alignment=&#8221;center&#8221; custom_margin=&#8221;10px||10px||true|false&#8221; custom_padding=&#8221;||5px|||&#8221; global_colors_info=&#8221;{}&#8221;][et_pb_column type=&#8221;4_4&#8243; _builder_version=&#8221;4.24.2&#8243; _module_preset=&#8221;default&#8221; global_colors_info=&#8221;{}&#8221;][et_pb_text _builder_version=&#8221;4.24.2&#8243; _module_preset=&#8221;default&#8221; header_text_align=&#8221;center&#8221; header_2_text_align=&#8221;center&#8221; header_text_align_tablet=&#8221;center&#8221; header_text_align_phone=&#8221;center&#8221; header_text_align_last_edited=&#8221;on|phone&#8221; global_colors_info=&#8221;{}&#8221;]<\/p>\n<h1>Ticket information<\/h1>\n<p>[\/et_pb_text][et_pb_blurb title=&#8221;LA MAISON SYMPHONIQUE&#8221; image=&#8221;https:\/\/galadelaterre.com\/wp-content\/uploads\/2024\/03\/logo_placedesarts_coul_k.svg&#8221; image_icon_width=&#8221;65%&#8221; content_max_width=&#8221;397px&#8221; image_icon_width_tablet=&#8221;65%&#8221; image_icon_width_phone=&#8221;65%&#8221; image_icon_width_last_edited=&#8221;on|tablet&#8221; _builder_version=&#8221;4.24.2&#8243; _module_preset=&#8221;default&#8221; header_level=&#8221;h3&#8243; header_font=&#8221;Barlow Condensed|500|||||||&#8221; header_text_align=&#8221;center&#8221; header_letter_spacing=&#8221;1px&#8221; body_font=&#8221;Barlow||||||||&#8221; body_text_align=&#8221;center&#8221; text_orientation=&#8221;center&#8221; body_font_size_tablet=&#8221;&#8221; body_font_size_phone=&#8221;13px&#8221; body_font_size_last_edited=&#8221;on|phone&#8221; text_orientation_tablet=&#8221;center&#8221; text_orientation_phone=&#8221;center&#8221; text_orientation_last_edited=&#8221;on|phone&#8221; global_colors_info=&#8221;{}&#8221;]<\/p>\n<p>1600, rue Saint-Urbain, Montreal, QC, H2X OS1<br \/>T\u00e9l\u00e9phone : 514 842-2112 \/ 1 866 842-2112 (sans frais)<br \/>Email : info@placedesarts.com<\/p>\n<p>[\/et_pb_blurb][\/et_pb_column][\/et_pb_row][et_pb_row _builder_version=&#8221;4.24.2&#8243; _module_preset=&#8221;default&#8221; global_colors_info=&#8221;{}&#8221;][et_pb_column type=&#8221;4_4&#8243; _builder_version=&#8221;4.24.2&#8243; _module_preset=&#8221;default&#8221; custom_css_main_element=&#8221;display:flex;||flex-wrap:wrap;||justify-content:center;||gap:30px;&#8221; global_colors_info=&#8221;{}&#8221; custom_css_main_element_last_edited=&#8221;on|desktop&#8221; custom_css_main_element_tablet=&#8221;display:flex;||flex-wrap:wrap;||justify-content:center;||gap:30px;&#8221; custom_css_main_element_phone=&#8221;display:flex;||flex-wrap:wrap;||justify-content:center;||gap:30px;&#8221;][et_pb_button button_text=&#8221;Tickets on sale soon&#8221; _builder_version=&#8221;4.27.6&#8243; _module_preset=&#8221;default&#8221; hover_enabled=&#8221;0&#8243; sticky_enabled=&#8221;0&#8243; button_url=&#8221;#&#8221;][\/et_pb_button][\/et_pb_column][\/et_pb_row][\/et_pb_section]<\/p>\n","protected":false},"excerpt":{"rendered":"<p>Administrative offices260, boulevard De Maisonneuve Ouest, 2e \u00e9tageMontr\u00e9al, Qu\u00e9bec, H2X 1Y9Ticket information1600, rue Saint-Urbain, Montreal, QC, H2X OS1T\u00e9l\u00e9phone : 514 842-2112 \/ 1 866 842-2112 (sans frais)Email : info@placedesarts.com<\/p>\n","protected":false},"author":1,"featured_media":0,"parent":0,"menu_order":0,"comment_status":"closed","ping_status":"closed","template":"","meta":{"_et_pb_use_builder":"on","_et_pb_old_content":"","_et_gb_content_width":"","inline_featured_image":false,"footnotes":""},"class_list":["post-308479","page","type-page","status-publish","hentry"],"yoast_head":"<!-- This site is optimized with the Yoast SEO plugin v27.3 - https:\/\/yoast.com\/product\/yoast-seo-wordpress\/ -->\n<title>Contact us &#8212; Gala de la Terre<\/title>\n<meta name=\"description\" content=\"Gala de la Terre Contact us\" \/>\n<meta name=\"robots\" content=\"index, follow, max-snippet:-1, max-image-preview:large, max-video-preview:-1\" \/>\n<link rel=\"canonical\" href=\"https:\/\/galadelaterre.com\/en\/contact-us\/\" \/>\n<meta property=\"og:locale\" content=\"en_US\" \/>\n<meta property=\"og:type\" content=\"article\" \/>\n<meta property=\"og:title\" content=\"Contact us &#8212; Gala de la Terre\" \/>\n<meta property=\"og:description\" content=\"Gala de la Terre Contact us\" \/>\n<meta property=\"og:url\" content=\"https:\/\/galadelaterre.com\/en\/contact-us\/\" \/>\n<meta property=\"og:site_name\" content=\"Gala de la Terre\" \/>\n<meta property=\"article:publisher\" content=\"https:\/\/www.facebook.com\/OrchestreAgora\/\" \/>\n<meta property=\"article:modified_time\" content=\"2026-03-17T09:18:48+00:00\" \/>\n<meta property=\"og:image\" content=\"https:\/\/galadelaterre.com\/wp-content\/uploads\/2024\/03\/logo_gdt.png\" \/>\n\t<meta property=\"og:image:width\" content=\"900\" \/>\n\t<meta property=\"og:image:height\" content=\"511\" \/>\n\t<meta property=\"og:image:type\" content=\"image\/png\" \/>\n<meta name=\"twitter:card\" content=\"summary_large_image\" \/>\n<meta name=\"twitter:site\" content=\"@OrchestreAgora\" \/>\n<meta name=\"twitter:label1\" content=\"Est. reading time\" \/>\n\t<meta name=\"twitter:data1\" content=\"8 minutes\" \/>\n<script type=\"application\/ld+json\" class=\"yoast-schema-graph\">{\"@context\":\"https:\\\/\\\/schema.org\",\"@graph\":[{\"@type\":\"WebPage\",\"@id\":\"https:\\\/\\\/galadelaterre.com\\\/en\\\/contact-us\\\/\",\"url\":\"https:\\\/\\\/galadelaterre.com\\\/en\\\/contact-us\\\/\",\"name\":\"Contact us &#8212; Gala de la Terre\",\"isPartOf\":{\"@id\":\"https:\\\/\\\/galadelaterre.com\\\/en\\\/#website\"},\"datePublished\":\"2024-03-24T20:14:26+00:00\",\"dateModified\":\"2026-03-17T09:18:48+00:00\",\"description\":\"Gala de la Terre Contact us\",\"breadcrumb\":{\"@id\":\"https:\\\/\\\/galadelaterre.com\\\/en\\\/contact-us\\\/#breadcrumb\"},\"inLanguage\":\"en-US\",\"potentialAction\":[{\"@type\":\"ReadAction\",\"target\":[\"https:\\\/\\\/galadelaterre.com\\\/en\\\/contact-us\\\/\"]}]},{\"@type\":\"BreadcrumbList\",\"@id\":\"https:\\\/\\\/galadelaterre.com\\\/en\\\/contact-us\\\/#breadcrumb\",\"itemListElement\":[{\"@type\":\"ListItem\",\"position\":1,\"name\":\"Accueil\",\"item\":\"https:\\\/\\\/galadelaterre.com\\\/en\\\/\"},{\"@type\":\"ListItem\",\"position\":2,\"name\":\"Contact us\"}]},{\"@type\":\"WebSite\",\"@id\":\"https:\\\/\\\/galadelaterre.com\\\/en\\\/#website\",\"url\":\"https:\\\/\\\/galadelaterre.com\\\/en\\\/\",\"name\":\"Gala de la Terre\",\"description\":\"\u00c9dition 2026\",\"publisher\":{\"@id\":\"https:\\\/\\\/galadelaterre.com\\\/en\\\/#organization\"},\"alternateName\":\"Gala de la Terre\",\"potentialAction\":[{\"@type\":\"SearchAction\",\"target\":{\"@type\":\"EntryPoint\",\"urlTemplate\":\"https:\\\/\\\/galadelaterre.com\\\/en\\\/?s={search_term_string}\"},\"query-input\":{\"@type\":\"PropertyValueSpecification\",\"valueRequired\":true,\"valueName\":\"search_term_string\"}}],\"inLanguage\":\"en-US\"},{\"@type\":\"Organization\",\"@id\":\"https:\\\/\\\/galadelaterre.com\\\/en\\\/#organization\",\"name\":\"Gala de la Terre\",\"alternateName\":\"Gala de la Terre\",\"url\":\"https:\\\/\\\/galadelaterre.com\\\/en\\\/\",\"logo\":{\"@type\":\"ImageObject\",\"inLanguage\":\"en-US\",\"@id\":\"https:\\\/\\\/galadelaterre.com\\\/en\\\/#\\\/schema\\\/logo\\\/image\\\/\",\"url\":\"https:\\\/\\\/galadelaterre.com\\\/wp-content\\\/uploads\\\/2024\\\/03\\\/logo_gdt.png\",\"contentUrl\":\"https:\\\/\\\/galadelaterre.com\\\/wp-content\\\/uploads\\\/2024\\\/03\\\/logo_gdt.png\",\"width\":900,\"height\":511,\"caption\":\"Gala de la Terre\"},\"image\":{\"@id\":\"https:\\\/\\\/galadelaterre.com\\\/en\\\/#\\\/schema\\\/logo\\\/image\\\/\"},\"sameAs\":[\"https:\\\/\\\/www.facebook.com\\\/OrchestreAgora\\\/\",\"https:\\\/\\\/x.com\\\/OrchestreAgora\"]}]}<\/script>\n<!-- \/ Yoast SEO plugin. -->","yoast_head_json":{"title":"Contact us &#8212; Gala de la Terre","description":"Gala de la Terre Contact us","robots":{"index":"index","follow":"follow","max-snippet":"max-snippet:-1","max-image-preview":"max-image-preview:large","max-video-preview":"max-video-preview:-1"},"canonical":"https:\/\/galadelaterre.com\/en\/contact-us\/","og_locale":"en_US","og_type":"article","og_title":"Contact us &#8212; Gala de la Terre","og_description":"Gala de la Terre Contact us","og_url":"https:\/\/galadelaterre.com\/en\/contact-us\/","og_site_name":"Gala de la Terre","article_publisher":"https:\/\/www.facebook.com\/OrchestreAgora\/","article_modified_time":"2026-03-17T09:18:48+00:00","og_image":[{"width":900,"height":511,"url":"https:\/\/galadelaterre.com\/wp-content\/uploads\/2024\/03\/logo_gdt.png","type":"image\/png"}],"twitter_card":"summary_large_image","twitter_site":"@OrchestreAgora","twitter_misc":{"Est. reading time":"8 minutes"},"schema":{"@context":"https:\/\/schema.org","@graph":[{"@type":"WebPage","@id":"https:\/\/galadelaterre.com\/en\/contact-us\/","url":"https:\/\/galadelaterre.com\/en\/contact-us\/","name":"Contact us &#8212; Gala de la Terre","isPartOf":{"@id":"https:\/\/galadelaterre.com\/en\/#website"},"datePublished":"2024-03-24T20:14:26+00:00","dateModified":"2026-03-17T09:18:48+00:00","description":"Gala de la Terre Contact us","breadcrumb":{"@id":"https:\/\/galadelaterre.com\/en\/contact-us\/#breadcrumb"},"inLanguage":"en-US","potentialAction":[{"@type":"ReadAction","target":["https:\/\/galadelaterre.com\/en\/contact-us\/"]}]},{"@type":"BreadcrumbList","@id":"https:\/\/galadelaterre.com\/en\/contact-us\/#breadcrumb","itemListElement":[{"@type":"ListItem","position":1,"name":"Accueil","item":"https:\/\/galadelaterre.com\/en\/"},{"@type":"ListItem","position":2,"name":"Contact us"}]},{"@type":"WebSite","@id":"https:\/\/galadelaterre.com\/en\/#website","url":"https:\/\/galadelaterre.com\/en\/","name":"Gala de la Terre","description":"\u00c9dition 2026","publisher":{"@id":"https:\/\/galadelaterre.com\/en\/#organization"},"alternateName":"Gala de la Terre","potentialAction":[{"@type":"SearchAction","target":{"@type":"EntryPoint","urlTemplate":"https:\/\/galadelaterre.com\/en\/?s={search_term_string}"},"query-input":{"@type":"PropertyValueSpecification","valueRequired":true,"valueName":"search_term_string"}}],"inLanguage":"en-US"},{"@type":"Organization","@id":"https:\/\/galadelaterre.com\/en\/#organization","name":"Gala de la Terre","alternateName":"Gala de la Terre","url":"https:\/\/galadelaterre.com\/en\/","logo":{"@type":"ImageObject","inLanguage":"en-US","@id":"https:\/\/galadelaterre.com\/en\/#\/schema\/logo\/image\/","url":"https:\/\/galadelaterre.com\/wp-content\/uploads\/2024\/03\/logo_gdt.png","contentUrl":"https:\/\/galadelaterre.com\/wp-content\/uploads\/2024\/03\/logo_gdt.png","width":900,"height":511,"caption":"Gala de la Terre"},"image":{"@id":"https:\/\/galadelaterre.com\/en\/#\/schema\/logo\/image\/"},"sameAs":["https:\/\/www.facebook.com\/OrchestreAgora\/","https:\/\/x.com\/OrchestreAgora"]}]}},"_links":{"self":[{"href":"https:\/\/galadelaterre.com\/en\/wp-json\/wp\/v2\/pages\/308479","targetHints":{"allow":["GET"]}}],"collection":[{"href":"https:\/\/galadelaterre.com\/en\/wp-json\/wp\/v2\/pages"}],"about":[{"href":"https:\/\/galadelaterre.com\/en\/wp-json\/wp\/v2\/types\/page"}],"author":[{"embeddable":true,"href":"https:\/\/galadelaterre.com\/en\/wp-json\/wp\/v2\/users\/1"}],"replies":[{"embeddable":true,"href":"https:\/\/galadelaterre.com\/en\/wp-json\/wp\/v2\/comments?post=308479"}],"version-history":[{"count":5,"href":"https:\/\/galadelaterre.com\/en\/wp-json\/wp\/v2\/pages\/308479\/revisions"}],"predecessor-version":[{"id":311130,"href":"https:\/\/galadelaterre.com\/en\/wp-json\/wp\/v2\/pages\/308479\/revisions\/311130"}],"wp:attachment":[{"href":"https:\/\/galadelaterre.com\/en\/wp-json\/wp\/v2\/media?parent=308479"}],"curies":[{"name":"wp","href":"https:\/\/api.w.org\/{rel}","templated":true}]}}